
{"id":1025,"date":"2015-06-05T20:08:05","date_gmt":"2015-06-06T00:08:05","guid":{"rendered":"https:\/\/ciddhu.dev.uqam.ca\/contactez-nous-2\/"},"modified":"2023-08-11T14:19:21","modified_gmt":"2023-08-11T18:19:21","slug":"contactez-nous-2","status":"publish","type":"page","link":"https:\/\/ciddhu.uqam.ca\/en\/contactez-nous-2\/","title":{"rendered":"Contact us"},"content":{"rendered":"<div class=\"row\">\n<div class=\"col-xs-12 col-sm-7\">\n<h2>Mailing address<\/h2>\n<p>Universit\u00e9 du Qu\u00e9bec \u00e0 Montr\u00e9al<br \/>Facult\u00e9 de science politique et de droit<br \/>D\u00e9partement des sciences juridiques<br \/>Case postale 8888 Centre-ville<br \/>Montr\u00e9al, Qu\u00e9bec,<br \/>H3C 3P8<br \/>CANADA<\/p>\n<p>Phone&nbsp;: +1 (514) 987-3000 poste 3892<br \/>Fax&nbsp;: +1 (514) 987-4784<br \/>Email&nbsp;: <a href=\"&#109;&#x61;&#105;&#x6c;&#116;&#x6f;&#58;&#x63;&#111;&#x6f;&#114;&#x64;&#105;&#x6e;&#97;&#x74;&#105;&#x6f;&#110;&#x2e;&#99;&#x69;&#100;&#x64;&#104;&#x75;&#64;&#x67;&#109;&#x61;&#105;&#x6c;&#46;&#x63;&#111;&#x6d;\">&#99;&#x6f;&#111;&#x72;&#100;&#x69;&#110;&#x61;t&#x69;o&#x6e;&#46;&#x63;i&#100;&#x64;&#104;&#x75;&#64;&#x67;&#109;&#x61;&#105;&#x6c;&#46;&#x63;o&#x6d;<\/a><\/p>\n<\/div>\n<div class=\"col-xs-12 col-sm-5\"><img loading=\"lazy\" decoding=\"async\" class=\" size-full wp-image-1022\" alt=\"pavillon uqam\" src=\"https:\/\/ciddhu.uqam.ca\/wp-content\/uploads\/2015\/06\/pavillon-uqam.jpg\" class=\"img-responsive\" width=\"375\" height=\"250\" srcset=\"https:\/\/ciddhu.uqam.ca\/wp-content\/uploads\/2015\/06\/pavillon-uqam.jpg 375w, https:\/\/ciddhu.uqam.ca\/wp-content\/uploads\/2015\/06\/pavillon-uqam-300x200.jpg 300w\" sizes=\"auto, (max-width: 375px) 100vw, 375px\" \/><\/div>\n<\/div>","protected":false},"excerpt":{"rendered":"<p>Mailing address Universit\u00e9 du Qu\u00e9bec \u00e0 Montr\u00e9alFacult\u00e9 de science politique et de droitD\u00e9partement des sciences juridiquesCase postale 8888 Centre-villeMontr\u00e9al, Qu\u00e9bec,H3C 3P8CANADA Phone&nbsp;: +1 (514) 987-3000 poste 3892Fax&nbsp;: +1 (514) 987-4784Email&nbsp;: coor&#100;&#105;&#110;&#97;&#116;&#x69;&#x6f;&#x6e;&#x2e;&#x63;&#x69;&#x64;dhu&#64;&#103;&#109;&#97;&#105;&#108;&#x2e;&#x63;&#x6f;&#x6d;<\/p>","protected":false},"author":1,"featured_media":0,"parent":0,"menu_order":104,"comment_status":"closed","ping_status":"closed","template":"","meta":{"_acf_changed":false,"footnotes":""},"class_list":["post-1025","page","type-page","status-publish","hentry"],"acf":[],"_links":{"self":[{"href":"https:\/\/ciddhu.uqam.ca\/en\/wp-json\/wp\/v2\/pages\/1025","targetHints":{"allow":["GET"]}}],"collection":[{"href":"https:\/\/ciddhu.uqam.ca\/en\/wp-json\/wp\/v2\/pages"}],"about":[{"href":"https:\/\/ciddhu.uqam.ca\/en\/wp-json\/wp\/v2\/types\/page"}],"author":[{"embeddable":true,"href":"https:\/\/ciddhu.uqam.ca\/en\/wp-json\/wp\/v2\/users\/1"}],"replies":[{"embeddable":true,"href":"https:\/\/ciddhu.uqam.ca\/en\/wp-json\/wp\/v2\/comments?post=1025"}],"version-history":[{"count":1,"href":"https:\/\/ciddhu.uqam.ca\/en\/wp-json\/wp\/v2\/pages\/1025\/revisions"}],"predecessor-version":[{"id":1522,"href":"https:\/\/ciddhu.uqam.ca\/en\/wp-json\/wp\/v2\/pages\/1025\/revisions\/1522"}],"wp:attachment":[{"href":"https:\/\/ciddhu.uqam.ca\/en\/wp-json\/wp\/v2\/media?parent=1025"}],"curies":[{"name":"wp","href":"https:\/\/api.w.org\/{rel}","templated":true}]}}