
{"id":1033,"date":"2015-06-22T13:20:17","date_gmt":"2015-06-22T17:20:17","guid":{"rendered":"https:\/\/ciddhu.dev.uqam.ca\/donation-by-check\/"},"modified":"2023-08-10T14:07:55","modified_gmt":"2023-08-10T18:07:55","slug":"donation-by-check","status":"publish","type":"page","link":"https:\/\/ciddhu.uqam.ca\/en\/donation-by-check\/","title":{"rendered":"Donation by check"},"content":{"rendered":"<p>Checks must be made to \u00ab&nbsp;Fondation UQAM&nbsp;\u00bb. Please indicate \u00ab&nbsp;pour le projet CIDDHU&nbsp;\u00bb. Checks must be mailed to:<\/p>\n<p>Fondation de l&#8217;Universit\u00e9 du Qu\u00e9bec \u00e0 Montr\u00e9al<br \/>Case postale 8888, succursale Centre-Ville<br \/>Montr\u00e9al (Qu\u00e9bec) H3C 3P8<br \/>Canada<\/p>\n<p><strong>For more information, please contact:<\/strong><\/p>\n<p>Fondation UQAM<br \/>Phone&nbsp;: 514-987-3030<br \/>Fax&nbsp;: 514-987-6739<br \/>Email&nbsp;: <a href=\"&#x6d;&#97;&#x69;&#x6c;&#116;&#x6f;&#58;f&#x6f;&#110;d&#x61;&#116;i&#x6f;&#110;&#64;&#x75;&#113;&#x61;&#x6d;&#46;&#x63;&#x61;\">&#x66;&#x6f;&#x6e;&#x64;&#x61;&#x74;&#x69;&#x6f;&#x6e;&#x40;&#x75;&#x71;&#x61;&#x6d;&#x2e;&#x63;&#x61;<\/a><\/p>\n<p>Pr. Mirja Trilsch, Director of the CIDDHU<br \/>Phone&nbsp;: 514-987-3000, poste 2439<br \/>Fax&nbsp;: 514-987-4784<br \/>Email&nbsp;: <a href=\"mail&#116;&#111;&#58;&#116;&#114;&#x69;&#x6c;&#x73;&#x63;&#x68;&#x2e;&#x6d;irja&#64;&#117;&#113;&#97;&#109;&#x2e;&#x63;&#x61;\">&#x74;&#x72;&#105;&#108;sc&#x68;&#x2e;&#x6d;&#105;rj&#x61;&#x40;&#x75;&#113;&#97;m&#x2e;&#x63;&#x61;<\/a><\/p>\n<p>&nbsp;<\/p>","protected":false},"excerpt":{"rendered":"<p>Checks must be made to \u00ab&nbsp;Fondation UQAM&nbsp;\u00bb. Please indicate \u00ab&nbsp;pour le projet CIDDHU&nbsp;\u00bb. Checks must be mailed to: Fondation de l&#8217;Universit\u00e9 du Qu\u00e9bec \u00e0 Montr\u00e9alCase postale 8888, succursale Centre-VilleMontr\u00e9al (Qu\u00e9bec) H3C 3P8Canada For more information, please contact: Fondation UQAMPhone&nbsp;: 514-987-3030Fax&nbsp;: 514-987-6739Email&nbsp;: &#x66;&#x6f;&#110;&#100;a&#x74;&#x69;&#x6f;&#110;&#64;u&#x71;&#x61;&#109;&#46;c&#x61; Pr. Mirja Trilsch, Director of the CIDDHUPhone&nbsp;: 514-987-3000, poste 2439Fax&nbsp;: 514-987-4784Email&nbsp;: t&#114;&#105;&#x6c;&#x73;&#x63;h&#46;&#109;&#105;&#x72;&#x6a;&#x61;&#64;&#117;&#113;&#97;&#x6d;&#x2e;&#x63;a &nbsp;<\/p>","protected":false},"author":1,"featured_media":0,"parent":0,"menu_order":100,"comment_status":"closed","ping_status":"closed","template":"","meta":{"_acf_changed":false,"footnotes":""},"class_list":["post-1033","page","type-page","status-publish","hentry"],"acf":[],"_links":{"self":[{"href":"https:\/\/ciddhu.uqam.ca\/en\/wp-json\/wp\/v2\/pages\/1033","targetHints":{"allow":["GET"]}}],"collection":[{"href":"https:\/\/ciddhu.uqam.ca\/en\/wp-json\/wp\/v2\/pages"}],"about":[{"href":"https:\/\/ciddhu.uqam.ca\/en\/wp-json\/wp\/v2\/types\/page"}],"author":[{"embeddable":true,"href":"https:\/\/ciddhu.uqam.ca\/en\/wp-json\/wp\/v2\/users\/1"}],"replies":[{"embeddable":true,"href":"https:\/\/ciddhu.uqam.ca\/en\/wp-json\/wp\/v2\/comments?post=1033"}],"version-history":[{"count":1,"href":"https:\/\/ciddhu.uqam.ca\/en\/wp-json\/wp\/v2\/pages\/1033\/revisions"}],"predecessor-version":[{"id":1217,"href":"https:\/\/ciddhu.uqam.ca\/en\/wp-json\/wp\/v2\/pages\/1033\/revisions\/1217"}],"wp:attachment":[{"href":"https:\/\/ciddhu.uqam.ca\/en\/wp-json\/wp\/v2\/media?parent=1033"}],"curies":[{"name":"wp","href":"https:\/\/api.w.org\/{rel}","templated":true}]}}