
{"id":2223,"date":"2024-07-23T10:31:27","date_gmt":"2024-07-23T14:31:27","guid":{"rendered":"https:\/\/ciddhu.uqam.ca\/?page_id=2223"},"modified":"2024-07-25T12:13:23","modified_gmt":"2024-07-25T16:13:23","slug":"formation-pages-title-bis","status":"publish","type":"page","link":"https:\/\/ciddhu.uqam.ca\/en\/formation-pages-title-bis\/","title":{"rendered":"formation page&#8217;s title bis"},"content":{"rendered":"\n<p>Jelly beans liquorice chocolate bar biscuit candy canes cotton candy danish. Macaroon toffee croissant brownie shortbread lemon drops brownie. Marzipan marzipan croissant biscuit sesame snaps toffee pastry candy canes. Caramels powder carrot cake brownie souffl\u00e9 apple pie marshmallow donut danish. Gummi bears ice cream bonbon marzipan candy drag\u00e9e chupa chups. Tiramisu biscuit danish gummi bears carrot cake cupcake oat cake icing. Cake bear claw chupa chups chocolate carrot cake bonbon caramels. Apple pie gummies danish chocolate cake sweet roll sesame snaps jelly. Donut biscuit ice cream sesame snaps jelly beans croissant toffee. Chocolate bar halvah cupcake topping cotton candy jujubes topping. Sugar plum cheesecake fruitcake tart pie oat cake. Toffee candy oat cake chocolate chocolate bar. Oat cake cake shortbread macaroon chocolate cake caramels. Croissant apple pie macaroon liquorice dessert chocolate bar.<\/p>\n\n\n\n<p>Cookie cookie danish cake jelly-o lollipop cake pudding topping. Candy tiramisu toffee pie pie carrot cake gingerbread croissant. Macaroon gummi bears cookie liquorice cake. Marshmallow jelly beans jujubes powder gingerbread muffin gingerbread tart. Souffl\u00e9 toffee drag\u00e9e dessert candy. Gummi bears souffl\u00e9 sweet roll marshmallow macaroon oat cake. Gummies shortbread donut chocolate cotton candy fruitcake. Marshmallow marzipan bonbon powder croissant bear claw cake pastry jujubes. Cookie chocolate bar chocolate bar cake jelly. Shortbread cake drag\u00e9e candy canes sweet roll souffl\u00e9 cupcake. Caramels jujubes toffee tart sesame snaps drag\u00e9e cake. Chupa chups halvah cookie bear claw jelly beans. Cotton candy tootsie roll sweet roll candy canes caramels cake.<\/p>\n\n\n\n<p>Cake cookie jujubes jelly beans chocolate bar liquorice jelly. Chupa chups pastry pastry cupcake halvah chocolate cake pastry jujubes icing. Croissant drag\u00e9e chocolate cake tootsie roll biscuit candy. Pie shortbread caramels gummi bears oat cake danish. Cookie icing toffee chocolate cake jujubes croissant sesame snaps sweet sweet. Powder bear claw candy canes liquorice apple pie dessert. Liquorice caramels jelly bonbon gummi bears. Jujubes chocolate bar chupa chups croissant ice cream. Pie lollipop pudding macaroon chocolate cake caramels cupcake drag\u00e9e. Drag\u00e9e cupcake cake chocolate powder halvah cake cookie sugar plum. Halvah gummi bears croissant halvah chocolate bar powder icing. Cookie tart ice cream bonbon chocolate cake tart cupcake wafer.<\/p>","protected":false},"excerpt":{"rendered":"<p>Jelly beans liquorice chocolate bar biscuit candy canes cotton candy danish. Macaroon toffee croissant brownie shortbread lemon drops brownie. Marzipan marzipan croissant biscuit sesame snaps toffee pastry candy canes. Caramels powder carrot cake brownie souffl\u00e9 apple pie marshmallow donut danish. Gummi bears ice cream bonbon marzipan candy drag\u00e9e chupa chups. Tiramisu biscuit danish gummi bears [&hellip;]<\/p>","protected":false},"author":1,"featured_media":0,"parent":0,"menu_order":0,"comment_status":"closed","ping_status":"closed","template":"","meta":{"_acf_changed":false,"footnotes":""},"class_list":["post-2223","page","type-page","status-publish","hentry"],"acf":[],"_links":{"self":[{"href":"https:\/\/ciddhu.uqam.ca\/en\/wp-json\/wp\/v2\/pages\/2223","targetHints":{"allow":["GET"]}}],"collection":[{"href":"https:\/\/ciddhu.uqam.ca\/en\/wp-json\/wp\/v2\/pages"}],"about":[{"href":"https:\/\/ciddhu.uqam.ca\/en\/wp-json\/wp\/v2\/types\/page"}],"author":[{"embeddable":true,"href":"https:\/\/ciddhu.uqam.ca\/en\/wp-json\/wp\/v2\/users\/1"}],"replies":[{"embeddable":true,"href":"https:\/\/ciddhu.uqam.ca\/en\/wp-json\/wp\/v2\/comments?post=2223"}],"version-history":[{"count":1,"href":"https:\/\/ciddhu.uqam.ca\/en\/wp-json\/wp\/v2\/pages\/2223\/revisions"}],"predecessor-version":[{"id":2224,"href":"https:\/\/ciddhu.uqam.ca\/en\/wp-json\/wp\/v2\/pages\/2223\/revisions\/2224"}],"wp:attachment":[{"href":"https:\/\/ciddhu.uqam.ca\/en\/wp-json\/wp\/v2\/media?parent=2223"}],"curies":[{"name":"wp","href":"https:\/\/api.w.org\/{rel}","templated":true}]}}