
{"id":713,"date":"2015-05-06T17:34:31","date_gmt":"2015-05-06T21:34:31","guid":{"rendered":"https:\/\/ciddhu.dev.uqam.ca\/annual-reports\/"},"modified":"2023-08-11T14:19:13","modified_gmt":"2023-08-11T18:19:13","slug":"annual-reports","status":"publish","type":"page","link":"https:\/\/ciddhu.uqam.ca\/en\/annual-reports\/","title":{"rendered":"Annual Reports"},"content":{"rendered":"<p>Les rapports annuels de la CIDDHU servent \u00e0 illustrer les r\u00e9alisations de l\u2019ann\u00e9e acad\u00e9mique pass\u00e9e, en pr\u00e9sentant les dossiers clients de la Clinique, les activit\u00e9s des \u00e9tudiants, \u00e9tudiantes et de la direction sur le terrain, les activit\u00e9s de sensibilisation du public, les projets institutionnels ainsi que la visibilit\u00e9 m\u00e9diatique de la CIDDHU. Ces rapports annuels sont l\u2019occasion de mettre en exergue les accomplissements des \u00e9tudiants et \u00e9tudiantes ainsi que ceux de l\u2019\u00e9quipe de la CIDDHU.<\/p>\n<p>&nbsp;<\/p>\n<table class=\"ng-table responsive\">\n<tbody>\n<tr>\n<td><a href=\"https:\/\/ciddhu.uqam.ca\/wp-content\/uploads\/2015\/05\/Rapport_annuel_CIDDHU_2018-2019_Version_Finale.pdf\" target=\"_blank\" class=\"wf_file\" rel=\"noopener\"><img loading=\"lazy\" decoding=\"async\" class=\" size-full wp-image-627\" src=\"https:\/\/ciddhu.uqam.ca\/wp-content\/uploads\/2015\/05\/Rapport_dactivites_2018-2019.jpg\" alt=\"Rapport dactivit\u00e9s 2018 2019\" width=\"151\" height=\"195\" \/><\/a><\/td>\n<td>\n<p>Rapport 2018-2019<\/p>\n<p><a href=\"https:\/\/ciddhu.uqam.ca\/wp-content\/uploads\/2015\/05\/Rapport_annuel_CIDDHU_2018-2019_Version_Finale.pdf\" target=\"_blank\" class=\"wf_file\" rel=\"noopener\"><span class=\"wf_file_text\">T\u00e9l\u00e9charger le rapport annuel<\/span><\/a><\/p>\n<\/td>\n<\/tr>\n<tr>\n<td><a href=\"https:\/\/ciddhu.uqam.ca\/wp-content\/uploads\/2015\/05\/Rapport_annuel_CIDDHU_2017-2018.pdf\" class=\"wf_file\"><img loading=\"lazy\" decoding=\"async\" class=\" size-full wp-image-629\" src=\"https:\/\/ciddhu.uqam.ca\/wp-content\/uploads\/2015\/05\/couverture_image.png\" alt=\"couverture image\" width=\"151\" height=\"195\" srcset=\"https:\/\/ciddhu.uqam.ca\/wp-content\/uploads\/2015\/05\/couverture_image.png 626w, https:\/\/ciddhu.uqam.ca\/wp-content\/uploads\/2015\/05\/couverture_image-232x300.png 232w, https:\/\/ciddhu.uqam.ca\/wp-content\/uploads\/2015\/05\/couverture_image-238x308.png 238w, https:\/\/ciddhu.uqam.ca\/wp-content\/uploads\/2015\/05\/couverture_image-357x461.png 357w, https:\/\/ciddhu.uqam.ca\/wp-content\/uploads\/2015\/05\/couverture_image-347x448.png 347w, https:\/\/ciddhu.uqam.ca\/wp-content\/uploads\/2015\/05\/couverture_image-449x580.png 449w\" sizes=\"auto, (max-width: 151px) 100vw, 151px\" \/><\/a><\/td>\n<td>\n<p>Rapport 2017-2018<\/p>\n<p><a href=\"https:\/\/ciddhu.uqam.ca\/wp-content\/uploads\/2015\/05\/Rapport_annuel_CIDDHU_2017-2018.pdf\" class=\"wf_file\"><span class=\"wf_file_text\">T\u00e9l\u00e9charger le rapport annuel<\/span><\/a><\/p>\n<\/td>\n<\/tr>\n<tr>\n<td><a href=\"https:\/\/ciddhu.uqam.ca\/wp-content\/uploads\/2015\/05\/Rapport_annuel_2016-2017.pdf\" class=\"wf_file\"><img loading=\"lazy\" decoding=\"async\" class=\" size-full wp-image-631\" src=\"https:\/\/ciddhu.uqam.ca\/wp-content\/uploads\/2015\/05\/rapport_annuel_2016-2017_JPEG.png\" alt=\"rapport annuel 2016 2017 JPEG\" width=\"152\" height=\"196\" srcset=\"https:\/\/ciddhu.uqam.ca\/wp-content\/uploads\/2015\/05\/rapport_annuel_2016-2017_JPEG.png 445w, https:\/\/ciddhu.uqam.ca\/wp-content\/uploads\/2015\/05\/rapport_annuel_2016-2017_JPEG-233x300.png 233w, https:\/\/ciddhu.uqam.ca\/wp-content\/uploads\/2015\/05\/rapport_annuel_2016-2017_JPEG-238x307.png 238w, https:\/\/ciddhu.uqam.ca\/wp-content\/uploads\/2015\/05\/rapport_annuel_2016-2017_JPEG-357x460.png 357w, https:\/\/ciddhu.uqam.ca\/wp-content\/uploads\/2015\/05\/rapport_annuel_2016-2017_JPEG-347x448.png 347w\" sizes=\"auto, (max-width: 152px) 100vw, 152px\" \/><\/a><\/td>\n<td>\n<p>Rapport 2016-2017<\/p>\n<p><a href=\"https:\/\/ciddhu.uqam.ca\/wp-content\/uploads\/2015\/05\/Rapport_annuel_2016-2017.pdf\" class=\"wf_file\"><span class=\"wf_file_text\">T\u00e9l\u00e9charger le rapport annuel<\/span><\/a><\/p>\n<\/td>\n<\/tr>\n<tr>\n<td><a href=\"https:\/\/ciddhu.uqam.ca\/wp-content\/uploads\/2015\/05\/Rapport_annuel_2015_2016_g.png\" data-mediabox-width=\"800\" target=\"_blank\" class=\"jcepopup\" rel=\"noopener noreferrer\"><img loading=\"lazy\" decoding=\"async\" class=\" alignleft size-full wp-image-633\" src=\"https:\/\/ciddhu.uqam.ca\/wp-content\/uploads\/2015\/05\/Rapport_annuel_2015_2016.png\" alt=\"Rapport annuel 2015 2016\" style=\"border: 1px solid #b5b5b5; float: left;\" width=\"150\" height=\"194\" srcset=\"https:\/\/ciddhu.uqam.ca\/wp-content\/uploads\/2015\/05\/Rapport_annuel_2015_2016.png 408w, https:\/\/ciddhu.uqam.ca\/wp-content\/uploads\/2015\/05\/Rapport_annuel_2015_2016-232x300.png 232w\" sizes=\"auto, (max-width: 150px) 100vw, 150px\" \/><\/a><\/td>\n<td>\n<p>Rapport 2015-2016<\/p>\n<p><a href=\"https:\/\/ciddhu.uqam.ca\/wp-content\/uploads\/2015\/05\/Rapport_annuel_2015-2016_Version_finale.pdf\" target=\"_blank\" class=\"wf_file\" rel=\"noopener noreferrer\"><span class=\"wf_file_text\">T\u00e9l\u00e9charger le rapport annuel<\/span><\/a><\/p>\n<\/td>\n<\/tr>\n<tr>\n<td><a href=\"https:\/\/ciddhu.uqam.ca\/wp-content\/uploads\/2015\/05\/rapport-annuel-2015-2015_G.png\" data-mediabox-width=\"400\" target=\"_blank\" type=\"image\/png\" class=\"jcepopup\" data-mediabox-group=\"rapport-annuel\" rel=\"noopener noreferrer\"><img loading=\"lazy\" decoding=\"async\" class=\" size-full wp-image-636\" src=\"https:\/\/ciddhu.uqam.ca\/wp-content\/uploads\/2015\/05\/rapport-annuel-2015-2015.png\" alt=\"rapport annuel 2015 2015\" width=\"150\" height=\"193\" \/><\/a><\/td>\n<td>\n<p>Rapport 2014-2015<\/p>\n<p><a href=\"https:\/\/ciddhu.uqam.ca\/wp-content\/uploads\/2015\/05\/Rapport-annuel-2014-2015.pdf\" target=\"_blank\" class=\"wf_file\" rel=\"noopener noreferrer\"><span class=\"wf_file_text\">T\u00e9l\u00e9charger le rapport annuel<\/span><\/a><\/p>\n<\/td>\n<\/tr>\n<tr>\n<td>\n<p><a href=\"https:\/\/ciddhu.uqam.ca\/wp-content\/uploads\/2015\/05\/rapport-annuel_2013-2014_g.jpg\" target=\"_blank\" class=\"jcepopup\" data-mediabox=\"group[rapport-annuel]\" rel=\"noopener noreferrer\"><img loading=\"lazy\" decoding=\"async\" class=\" size-full wp-image-639\" alt=\"rapport annuel 2013-2014\" src=\"https:\/\/ciddhu.uqam.ca\/wp-content\/uploads\/2015\/05\/rapport-annuel_2013-2014.jpg\" width=\"150\" height=\"200\" \/><\/a><\/p>\n<\/td>\n<td>\n<p>Rapport 2013-2014<\/p>\n<p><a href=\"https:\/\/ciddhu.uqam.ca\/wp-content\/uploads\/2015\/05\/rapport-annuel_2013-2014.pdf\" target=\"_blank\" class=\"wf_file\" rel=\"noopener noreferrer\"><span class=\"wf_file_text\">T\u00e9l\u00e9charger le rapport annuel<\/span><\/a><\/p>\n<\/td>\n<\/tr>\n<tr>\n<td>\n<p><a href=\"https:\/\/ciddhu.uqam.ca\/wp-content\/uploads\/2015\/05\/rapport-annuel_2012-2013_g.jpg\" target=\"_blank\" class=\"jcepopup\" data-mediabox=\"group[rapport-annuel]\" rel=\"noopener noreferrer\"><img loading=\"lazy\" decoding=\"async\" class=\" size-full wp-image-642\" alt=\"rapport annuel 2012-2013\" src=\"https:\/\/ciddhu.uqam.ca\/wp-content\/uploads\/2015\/05\/rapport-annuel_2012-2013.jpg\" width=\"150\" height=\"200\" \/><\/a><\/p>\n<\/td>\n<td>\n<p>Rapport 2012-2013<\/p>\n<p><a href=\"https:\/\/ciddhu.uqam.ca\/wp-content\/uploads\/2015\/05\/rapport-annuel_2012-2013.pdf\" target=\"_blank\" class=\"wf_file\" rel=\"noopener noreferrer\"><span class=\"wf_file_text\">T\u00e9l\u00e9charger le rapport annuel<\/span><\/a><\/p>\n<\/td>\n<\/tr>\n<tr>\n<td>\n<p><a href=\"https:\/\/ciddhu.uqam.ca\/wp-content\/uploads\/2015\/05\/rapport-annuel_2011-2012_g.jpg\" target=\"_blank\" class=\"jcepopup\" data-mediabox=\"group[rapport-annuel]\" rel=\"noopener noreferrer\"><img loading=\"lazy\" decoding=\"async\" class=\" size-full wp-image-645\" alt=\"rapport annuel 2011-2012\" src=\"https:\/\/ciddhu.uqam.ca\/wp-content\/uploads\/2015\/05\/rapport-annuel_2011-2012.jpg\" width=\"150\" height=\"200\" \/><\/a><\/p>\n<\/td>\n<td>\n<p>Rapport 2011-2012<\/p>\n<p><a href=\"https:\/\/ciddhu.uqam.ca\/wp-content\/uploads\/2015\/05\/rapport-annuel_2011-2012.pdf\" target=\"_blank\" class=\"wf_file\" rel=\"noopener noreferrer\"><span class=\"wf_file_text\">T\u00e9l\u00e9charger le rapport annuel<\/span><\/a><\/p>\n<\/td>\n<\/tr>\n<tr>\n<td>\n<p><a href=\"https:\/\/ciddhu.uqam.ca\/wp-content\/uploads\/2015\/05\/rapport-annuel_2010-2011_g.jpg\" target=\"_blank\" class=\"jcepopup\" data-mediabox=\"group[rapport-annuel]\" rel=\"noopener noreferrer\"><img loading=\"lazy\" decoding=\"async\" class=\" size-full wp-image-684\" alt=\"rapport annuel 2010-2011\" src=\"https:\/\/ciddhu.uqam.ca\/wp-content\/uploads\/2015\/05\/rapport-annuel_2010-2011.jpg\" width=\"150\" height=\"200\" \/><\/a><\/p>\n<\/td>\n<td>\n<p>Rapport 2010-2011<\/p>\n<p><a href=\"https:\/\/ciddhu.uqam.ca\/wp-content\/uploads\/2015\/05\/rapport-annuel_2010-2011.pdf\" target=\"_blank\" class=\"wf_file\" rel=\"noopener noreferrer\"><span class=\"wf_file_text\">T\u00e9l\u00e9charger le rapport annuel<\/span><\/a><\/p>\n<\/td>\n<\/tr>\n<tr>\n<td>\n<p><a href=\"https:\/\/ciddhu.uqam.ca\/wp-content\/uploads\/2015\/05\/rapport-annuel_2009-2010_g.jpg\" target=\"_blank\" class=\"jcepopup\" data-mediabox=\"group[rapport-annuel]\" rel=\"noopener noreferrer\"><img loading=\"lazy\" decoding=\"async\" class=\" size-full wp-image-690\" alt=\"rapport annuel 2009-2010\" src=\"https:\/\/ciddhu.uqam.ca\/wp-content\/uploads\/2015\/05\/rapport-annuel_2009-2010.jpg\" width=\"150\" height=\"200\" \/><\/a><\/p>\n<\/td>\n<td>\n<p>Rapport 2009-2010<\/p>\n<p><a href=\"https:\/\/ciddhu.uqam.ca\/wp-content\/uploads\/2015\/05\/rapport-annuel_2009-2010.pdf\" target=\"_blank\" class=\"wf_file\" rel=\"noopener noreferrer\"><span class=\"wf_file_text\">T\u00e9l\u00e9charger le rapport annuel<\/span><\/a><\/p>\n<\/td>\n<\/tr>\n<tr>\n<td>\n<p><a href=\"https:\/\/ciddhu.uqam.ca\/wp-content\/uploads\/2015\/05\/rapport-annuel_2008-2009_g.jpg\" target=\"_blank\" class=\"jcepopup\" data-mediabox=\"group[rapport-annuel]\" rel=\"noopener noreferrer\"><img loading=\"lazy\" decoding=\"async\" class=\" size-full wp-image-696\" alt=\"rapport annuel 2008-2009\" src=\"https:\/\/ciddhu.uqam.ca\/wp-content\/uploads\/2015\/05\/rapport-annuel_2008-2009.jpg\" width=\"150\" height=\"200\" \/><\/a><\/p>\n<\/td>\n<td>\n<p>Rapport 2008-2009<\/p>\n<p><a href=\"https:\/\/ciddhu.uqam.ca\/wp-content\/uploads\/2015\/05\/rapport-annuel_2008-2009.pdf\" target=\"_blank\" class=\"wf_file\" rel=\"noopener noreferrer\"><span class=\"wf_file_text\">T\u00e9l\u00e9charger le rapport annuel<\/span><\/a><\/p>\n<\/td>\n<\/tr>\n<tr>\n<td>\n<p><a href=\"https:\/\/ciddhu.uqam.ca\/wp-content\/uploads\/2015\/05\/rapport-annuel_2007-2008_g.jpg\" target=\"_blank\" class=\"jcepopup\" data-mediabox=\"group[rapport-annuel]\" rel=\"noopener noreferrer\"><img loading=\"lazy\" decoding=\"async\" class=\" size-full wp-image-702\" alt=\"rapport annuel 2007-2008\" src=\"https:\/\/ciddhu.uqam.ca\/wp-content\/uploads\/2015\/05\/rapport-annuel_2007-2008.jpg\" width=\"150\" height=\"200\" \/><\/a><\/p>\n<\/td>\n<td>\n<p>Rapport 2007-2008<\/p>\n<p><a href=\"https:\/\/ciddhu.uqam.ca\/wp-content\/uploads\/2015\/05\/rapport-annuel_2007-2008.pdf\" target=\"_blank\" class=\"wf_file\" rel=\"noopener noreferrer\"><span class=\"wf_file_text\">T\u00e9l\u00e9charger le rapport annuel<\/span><\/a><\/p>\n<\/td>\n<\/tr>\n<tr>\n<td>\n<p><a href=\"https:\/\/ciddhu.uqam.ca\/wp-content\/uploads\/2015\/05\/rapport-annuel_2006-2007_g.jpg\" target=\"_blank\" class=\"jcepopup\" data-mediabox=\"group[rapport-annuel]\" rel=\"noopener noreferrer\"><img loading=\"lazy\" decoding=\"async\" class=\" size-full wp-image-708\" alt=\"rapport annuel 2006-2007\" src=\"https:\/\/ciddhu.uqam.ca\/wp-content\/uploads\/2015\/05\/rapport-annuel_2006-2007.jpg\" width=\"150\" height=\"200\" \/><\/a><\/p>\n<\/td>\n<td>\n<p>Rapport 2006-2007<\/p>\n<p><a href=\"https:\/\/ciddhu.uqam.ca\/wp-content\/uploads\/2015\/05\/rapport-annuel_2006-2007.pdf\" target=\"_blank\" class=\"wf_file\" rel=\"noopener noreferrer\"><span class=\"wf_file_text\">T\u00e9l\u00e9charger le rapport annuel<\/span><\/a><\/p>\n<\/td>\n<\/tr>\n<\/tbody>\n<\/table>","protected":false},"excerpt":{"rendered":"<p>Les rapports annuels de la CIDDHU servent \u00e0 illustrer les r\u00e9alisations de l\u2019ann\u00e9e acad\u00e9mique pass\u00e9e, en pr\u00e9sentant les dossiers clients de la Clinique, les activit\u00e9s des \u00e9tudiants, \u00e9tudiantes et de la direction sur le terrain, les activit\u00e9s de sensibilisation du public, les projets institutionnels ainsi que la visibilit\u00e9 m\u00e9diatique de la CIDDHU. Ces rapports annuels [&hellip;]<\/p>","protected":false},"author":1,"featured_media":0,"parent":0,"menu_order":104,"comment_status":"closed","ping_status":"closed","template":"","meta":{"_acf_changed":false,"footnotes":""},"class_list":["post-713","page","type-page","status-publish","hentry"],"acf":[],"_links":{"self":[{"href":"https:\/\/ciddhu.uqam.ca\/en\/wp-json\/wp\/v2\/pages\/713","targetHints":{"allow":["GET"]}}],"collection":[{"href":"https:\/\/ciddhu.uqam.ca\/en\/wp-json\/wp\/v2\/pages"}],"about":[{"href":"https:\/\/ciddhu.uqam.ca\/en\/wp-json\/wp\/v2\/types\/page"}],"author":[{"embeddable":true,"href":"https:\/\/ciddhu.uqam.ca\/en\/wp-json\/wp\/v2\/users\/1"}],"replies":[{"embeddable":true,"href":"https:\/\/ciddhu.uqam.ca\/en\/wp-json\/wp\/v2\/comments?post=713"}],"version-history":[{"count":1,"href":"https:\/\/ciddhu.uqam.ca\/en\/wp-json\/wp\/v2\/pages\/713\/revisions"}],"predecessor-version":[{"id":1521,"href":"https:\/\/ciddhu.uqam.ca\/en\/wp-json\/wp\/v2\/pages\/713\/revisions\/1521"}],"wp:attachment":[{"href":"https:\/\/ciddhu.uqam.ca\/en\/wp-json\/wp\/v2\/media?parent=713"}],"curies":[{"name":"wp","href":"https:\/\/api.w.org\/{rel}","templated":true}]}}